{"id":13,"date":"2021-10-19T20:48:33","date_gmt":"2021-10-19T18:48:33","guid":{"rendered":"http:\/\/maennerchor-oberursel.de\/?page_id=13"},"modified":"2024-09-09T17:03:00","modified_gmt":"2024-09-09T15:03:00","slug":"startseite","status":"publish","type":"page","link":"https:\/\/maennerchor-oberursel.de\/","title":{"rendered":"Startseite"},"content":{"rendered":"\n<p><\/p>\n\n\n\n<div class=\"wp-block-columns container is-layout-flex wp-container-core-columns-is-layout-28f84493 wp-block-columns-is-layout-flex\">\n<div class=\"wp-block-column col-md-5 is-layout-flow wp-block-column-is-layout-flow\">\n<div style=\"height:55px\" aria-hidden=\"true\" class=\"wp-block-spacer\"><\/div>\n\n\n\n<p><\/p>\n\n\n\n<p class=\"has-text-align-center\"><mark style=\"background-color:rgba(0, 0, 0, 0)\" class=\"has-inline-color has-header-gradient-color\"><strong><mark style=\"background-color:rgba(0, 0, 0, 0)\" class=\"has-inline-color has-header-gradient-color\"><\/mark><\/strong><\/mark><\/p>\n\n\n\n<p><strong>Der M\u00e4nnerchor Oberursel feiert 140-j\u00e4hriges Jubil\u00e4um<\/strong><\/p>\n\n\n\n<p>Vor 140 Jahren wurde der Kolpingchor gegr\u00fcndet<\/p>\n\n\n\n<p>Der Kolpingchor ist die \u00e4lteste Korporation in der Oberurseler Kolpings-familie. Noch im Gr\u00fcndungsjahr des Oberurseler Katholischen Gesellen-vereins bildeten mehrere junge M\u00e4nner eine Gesangsgruppe, die den Volksgesang pflegte. Die Chronik berichtet von eigenen Konzerten, in denen \u00fcberwiegend Volkslieder gesungen wurden. Die Erfolge waren Anlass und Ansporn, 1884 eine Gesangsabteilung als vierstimmigen M\u00e4nnerchor innerhalb des Gesellenvereins zu gr\u00fcnden.<\/p>\n\n\n\n<p>Mit notwendigen Unterbrechungen in den beiden Weltkriegen und w\u00e4hrend des 3. Reichs war der Chor sehr aktiv mit regelm\u00e4\u00dfigen Konzerten und Auftritten.<\/p>\n\n\n\n<p>Herausragendes Ereignis war 1984 das 100-j\u00e4hrige Jubil\u00e4um. Dieses Jahr wird allen Beteiligten unvergessen bleiben mit der Fahrt an Ostern nach Rom,<\/p>\n\n\n\n<p><\/p>\n\n\n\n<p><\/p>\n\n\n\n<h2 class=\"wp-block-heading\">Der M\u00e4nnerchor in Oberursel<\/h2>\n\n\n\n<p>Der M\u00e4nnerchor Oberursel (MCO) ist ein Chor mit derzeit 30 aktiven Mitgliedern des Kolpingchors und des Mag&#8217;schen M\u00e4nnerchors. Hierzu gesellen sich 40 f\u00f6rdernde Mitglieder des MMC, welche nicht selten aus Familienmitgliedern der S\u00e4nger bestehen. Die aktiven S\u00e4nger setzen sich aus allen Berufszweigen und Altersgruppen (zwischen 44 und 94 Jahre) zusammen. Aber Alter und Beruf spielen hier nicht herausragende Rolle; vielmehr ist einen alles gemeinsam &#8211; die Freude am Gesang.<\/p>\n<\/div>\n<\/div>\n\n\n\n<figure class=\"wp-block-gallery aligncenter has-nested-images columns-default is-cropped wp-block-gallery-1 is-layout-flex wp-block-gallery-is-layout-flex\">\n<figure class=\"wp-block-image size-large\"><img loading=\"lazy\" decoding=\"async\" width=\"1024\" height=\"683\" data-id=\"541\" src=\"https:\/\/maennerchor-oberursel.de\/wp-content\/uploads\/2023\/10\/2023-09-13_Maennerchor_Oberursel_Gesamtaufnahme-1-50-1024x683.jpg\" alt=\"\" class=\"wp-image-541\" srcset=\"https:\/\/maennerchor-oberursel.de\/wp-content\/uploads\/2023\/10\/2023-09-13_Maennerchor_Oberursel_Gesamtaufnahme-1-50-1024x683.jpg 1024w, https:\/\/maennerchor-oberursel.de\/wp-content\/uploads\/2023\/10\/2023-09-13_Maennerchor_Oberursel_Gesamtaufnahme-1-50-300x200.jpg 300w, https:\/\/maennerchor-oberursel.de\/wp-content\/uploads\/2023\/10\/2023-09-13_Maennerchor_Oberursel_Gesamtaufnahme-1-50-768x512.jpg 768w, https:\/\/maennerchor-oberursel.de\/wp-content\/uploads\/2023\/10\/2023-09-13_Maennerchor_Oberursel_Gesamtaufnahme-1-50-1536x1024.jpg 1536w, https:\/\/maennerchor-oberursel.de\/wp-content\/uploads\/2023\/10\/2023-09-13_Maennerchor_Oberursel_Gesamtaufnahme-1-50-2048x1365.jpg 2048w, https:\/\/maennerchor-oberursel.de\/wp-content\/uploads\/2023\/10\/2023-09-13_Maennerchor_Oberursel_Gesamtaufnahme-1-50-360x240.jpg 360w\" sizes=\"auto, (max-width: 1024px) 100vw, 1024px\" \/><\/figure>\n\n\n\n<figure class=\"wp-block-image size-large\"><img loading=\"lazy\" decoding=\"async\" width=\"1024\" height=\"683\" data-id=\"533\" src=\"https:\/\/maennerchor-oberursel.de\/wp-content\/uploads\/2023\/10\/2023-09-13_Maennerchor_Oberursel_Gesamtaufnahme-2-50-1024x683.jpg\" alt=\"\" class=\"wp-image-533\" srcset=\"https:\/\/maennerchor-oberursel.de\/wp-content\/uploads\/2023\/10\/2023-09-13_Maennerchor_Oberursel_Gesamtaufnahme-2-50-1024x683.jpg 1024w, https:\/\/maennerchor-oberursel.de\/wp-content\/uploads\/2023\/10\/2023-09-13_Maennerchor_Oberursel_Gesamtaufnahme-2-50-300x200.jpg 300w, https:\/\/maennerchor-oberursel.de\/wp-content\/uploads\/2023\/10\/2023-09-13_Maennerchor_Oberursel_Gesamtaufnahme-2-50-768x512.jpg 768w, https:\/\/maennerchor-oberursel.de\/wp-content\/uploads\/2023\/10\/2023-09-13_Maennerchor_Oberursel_Gesamtaufnahme-2-50-1536x1024.jpg 1536w, https:\/\/maennerchor-oberursel.de\/wp-content\/uploads\/2023\/10\/2023-09-13_Maennerchor_Oberursel_Gesamtaufnahme-2-50-2048x1365.jpg 2048w, https:\/\/maennerchor-oberursel.de\/wp-content\/uploads\/2023\/10\/2023-09-13_Maennerchor_Oberursel_Gesamtaufnahme-2-50-360x240.jpg 360w\" sizes=\"auto, (max-width: 1024px) 100vw, 1024px\" \/><\/figure>\n<\/figure>\n","protected":false},"excerpt":{"rendered":"<p>Der M\u00e4nnerchor Oberursel feiert 140-j\u00e4hriges Jubil\u00e4um Vor 140 Jahren wurde der Kolpingchor gegr\u00fcndet Der Kolpingchor ist die \u00e4lteste Korporation in der Oberurseler Kolpings-familie. Noch im Gr\u00fcndungsjahr des Oberurseler Katholischen Gesellen-vereins bildeten mehrere junge M\u00e4nner eine Gesangsgruppe, die den Volksgesang pflegte. Die Chronik berichtet von eigenen Konzerten, in denen \u00fcberwiegend Volkslieder [&hellip;]<\/p>\n","protected":false},"author":1,"featured_media":541,"parent":0,"menu_order":0,"comment_status":"closed","ping_status":"closed","template":"","meta":{"footnotes":""},"class_list":["post-13","page","type-page","status-publish","has-post-thumbnail","hentry"],"_links":{"self":[{"href":"https:\/\/maennerchor-oberursel.de\/index.php\/wp-json\/wp\/v2\/pages\/13","targetHints":{"allow":["GET"]}}],"collection":[{"href":"https:\/\/maennerchor-oberursel.de\/index.php\/wp-json\/wp\/v2\/pages"}],"about":[{"href":"https:\/\/maennerchor-oberursel.de\/index.php\/wp-json\/wp\/v2\/types\/page"}],"author":[{"embeddable":true,"href":"https:\/\/maennerchor-oberursel.de\/index.php\/wp-json\/wp\/v2\/users\/1"}],"replies":[{"embeddable":true,"href":"https:\/\/maennerchor-oberursel.de\/index.php\/wp-json\/wp\/v2\/comments?post=13"}],"version-history":[{"count":39,"href":"https:\/\/maennerchor-oberursel.de\/index.php\/wp-json\/wp\/v2\/pages\/13\/revisions"}],"predecessor-version":[{"id":714,"href":"https:\/\/maennerchor-oberursel.de\/index.php\/wp-json\/wp\/v2\/pages\/13\/revisions\/714"}],"wp:featuredmedia":[{"embeddable":true,"href":"https:\/\/maennerchor-oberursel.de\/index.php\/wp-json\/wp\/v2\/media\/541"}],"wp:attachment":[{"href":"https:\/\/maennerchor-oberursel.de\/index.php\/wp-json\/wp\/v2\/media?parent=13"}],"curies":[{"name":"wp","href":"https:\/\/api.w.org\/{rel}","templated":true}]}}